{"id":10568,"date":"2025-09-18T18:56:26","date_gmt":"2025-09-18T16:56:26","guid":{"rendered":"https:\/\/www.lesuroit.fr\/fuer-einen-unvergesslichen-aufenthalt-auf-der-ile-de-re\/"},"modified":"2025-10-08T10:14:23","modified_gmt":"2025-10-08T08:14:23","slug":"fuer-einen-unvergesslichen-aufenthalt-auf-der-ile-de-re","status":"publish","type":"page","link":"https:\/\/www.lesuroit.fr\/de\/fuer-einen-unvergesslichen-aufenthalt-auf-der-ile-de-re\/","title":{"rendered":"F\u00fcr einen unvergesslichen Aufenthalt auf der \u00cele de R\u00e9"},"content":{"rendered":"","protected":false},"excerpt":{"rendered":"","protected":false},"author":1,"featured_media":0,"parent":0,"menu_order":0,"comment_status":"closed","ping_status":"closed","template":"","meta":{"inline_featured_image":false,"footnotes":""},"class_list":["post-10568","page","type-page","status-publish","hentry"],"acf":[],"yoast_head":"<!-- This site is optimized with the Yoast SEO plugin v26.3 - https:\/\/yoast.com\/wordpress\/plugins\/seo\/ -->\n<title>Besucht die \u00cele de R\u00e9 - Le suroit<\/title>\n<meta name=\"description\" content=\"Entdeckt unsere Empfehlungen, um den ganzen Reichtum und die Sch\u00f6nheit, die die \u00cele de R\u00e9 zu bieten hat, zu entdecken.\" \/>\n<meta name=\"robots\" content=\"index, follow, max-snippet:-1, max-image-preview:large, max-video-preview:-1\" \/>\n<link rel=\"canonical\" href=\"https:\/\/www.lesuroit.fr\/de\/fuer-einen-unvergesslichen-aufenthalt-auf-der-ile-de-re\/\" \/>\n<meta property=\"og:locale\" content=\"de_DE\" \/>\n<meta property=\"og:type\" content=\"article\" \/>\n<meta property=\"og:title\" content=\"Besucht die \u00cele de R\u00e9 - Le suroit\" \/>\n<meta property=\"og:description\" content=\"Entdeckt unsere Empfehlungen, um den ganzen Reichtum und die Sch\u00f6nheit, die die \u00cele de R\u00e9 zu bieten hat, zu entdecken.\" \/>\n<meta property=\"og:url\" content=\"https:\/\/www.lesuroit.fr\/de\/fuer-einen-unvergesslichen-aufenthalt-auf-der-ile-de-re\/\" \/>\n<meta property=\"og:site_name\" content=\"Le suroit\" \/>\n<meta property=\"article:modified_time\" content=\"2025-10-08T08:14:23+00:00\" \/>\n<meta name=\"twitter:card\" content=\"summary_large_image\" \/>\n<script type=\"application\/ld+json\" class=\"yoast-schema-graph\">{\"@context\":\"https:\/\/schema.org\",\"@graph\":[{\"@type\":\"WebPage\",\"@id\":\"https:\/\/www.lesuroit.fr\/de\/fuer-einen-unvergesslichen-aufenthalt-auf-der-ile-de-re\/\",\"url\":\"https:\/\/www.lesuroit.fr\/de\/fuer-einen-unvergesslichen-aufenthalt-auf-der-ile-de-re\/\",\"name\":\"Besucht die \u00cele de R\u00e9 - Le suroit\",\"isPartOf\":{\"@id\":\"https:\/\/www.lesuroit.fr\/de\/#website\"},\"datePublished\":\"2025-09-18T16:56:26+00:00\",\"dateModified\":\"2025-10-08T08:14:23+00:00\",\"description\":\"Entdeckt unsere Empfehlungen, um den ganzen Reichtum und die Sch\u00f6nheit, die die \u00cele de R\u00e9 zu bieten hat, zu entdecken.\",\"breadcrumb\":{\"@id\":\"https:\/\/www.lesuroit.fr\/de\/fuer-einen-unvergesslichen-aufenthalt-auf-der-ile-de-re\/#breadcrumb\"},\"inLanguage\":\"de\",\"potentialAction\":[{\"@type\":\"ReadAction\",\"target\":[\"https:\/\/www.lesuroit.fr\/de\/fuer-einen-unvergesslichen-aufenthalt-auf-der-ile-de-re\/\"]}]},{\"@type\":\"WebSite\",\"@id\":\"https:\/\/www.lesuroit.fr\/de\/#website\",\"url\":\"https:\/\/www.lesuroit.fr\/de\/\",\"name\":\"Le suroit\",\"description\":\"Village de plein air\",\"potentialAction\":[{\"@type\":\"SearchAction\",\"target\":{\"@type\":\"EntryPoint\",\"urlTemplate\":\"https:\/\/www.lesuroit.fr\/de\/?s={search_term_string}\"},\"query-input\":{\"@type\":\"PropertyValueSpecification\",\"valueRequired\":true,\"valueName\":\"search_term_string\"}}],\"inLanguage\":\"de\"}]}<\/script>\n<!-- \/ Yoast SEO plugin. -->","yoast_head_json":{"title":"Besucht die \u00cele de R\u00e9 - Le suroit","description":"Entdeckt unsere Empfehlungen, um den ganzen Reichtum und die Sch\u00f6nheit, die die \u00cele de R\u00e9 zu bieten hat, zu entdecken.","robots":{"index":"index","follow":"follow","max-snippet":"max-snippet:-1","max-image-preview":"max-image-preview:large","max-video-preview":"max-video-preview:-1"},"canonical":"https:\/\/www.lesuroit.fr\/de\/fuer-einen-unvergesslichen-aufenthalt-auf-der-ile-de-re\/","og_locale":"de_DE","og_type":"article","og_title":"Besucht die \u00cele de R\u00e9 - Le suroit","og_description":"Entdeckt unsere Empfehlungen, um den ganzen Reichtum und die Sch\u00f6nheit, die die \u00cele de R\u00e9 zu bieten hat, zu entdecken.","og_url":"https:\/\/www.lesuroit.fr\/de\/fuer-einen-unvergesslichen-aufenthalt-auf-der-ile-de-re\/","og_site_name":"Le suroit","article_modified_time":"2025-10-08T08:14:23+00:00","twitter_card":"summary_large_image","schema":{"@context":"https:\/\/schema.org","@graph":[{"@type":"WebPage","@id":"https:\/\/www.lesuroit.fr\/de\/fuer-einen-unvergesslichen-aufenthalt-auf-der-ile-de-re\/","url":"https:\/\/www.lesuroit.fr\/de\/fuer-einen-unvergesslichen-aufenthalt-auf-der-ile-de-re\/","name":"Besucht die \u00cele de R\u00e9 - Le suroit","isPartOf":{"@id":"https:\/\/www.lesuroit.fr\/de\/#website"},"datePublished":"2025-09-18T16:56:26+00:00","dateModified":"2025-10-08T08:14:23+00:00","description":"Entdeckt unsere Empfehlungen, um den ganzen Reichtum und die Sch\u00f6nheit, die die \u00cele de R\u00e9 zu bieten hat, zu entdecken.","breadcrumb":{"@id":"https:\/\/www.lesuroit.fr\/de\/fuer-einen-unvergesslichen-aufenthalt-auf-der-ile-de-re\/#breadcrumb"},"inLanguage":"de","potentialAction":[{"@type":"ReadAction","target":["https:\/\/www.lesuroit.fr\/de\/fuer-einen-unvergesslichen-aufenthalt-auf-der-ile-de-re\/"]}]},{"@type":"WebSite","@id":"https:\/\/www.lesuroit.fr\/de\/#website","url":"https:\/\/www.lesuroit.fr\/de\/","name":"Le suroit","description":"Village de plein air","potentialAction":[{"@type":"SearchAction","target":{"@type":"EntryPoint","urlTemplate":"https:\/\/www.lesuroit.fr\/de\/?s={search_term_string}"},"query-input":{"@type":"PropertyValueSpecification","valueRequired":true,"valueName":"search_term_string"}}],"inLanguage":"de"}]}},"_links":{"self":[{"href":"https:\/\/www.lesuroit.fr\/de\/wp-json\/wp\/v2\/pages\/10568","targetHints":{"allow":["GET"]}}],"collection":[{"href":"https:\/\/www.lesuroit.fr\/de\/wp-json\/wp\/v2\/pages"}],"about":[{"href":"https:\/\/www.lesuroit.fr\/de\/wp-json\/wp\/v2\/types\/page"}],"author":[{"embeddable":true,"href":"https:\/\/www.lesuroit.fr\/de\/wp-json\/wp\/v2\/users\/1"}],"replies":[{"embeddable":true,"href":"https:\/\/www.lesuroit.fr\/de\/wp-json\/wp\/v2\/comments?post=10568"}],"version-history":[{"count":1,"href":"https:\/\/www.lesuroit.fr\/de\/wp-json\/wp\/v2\/pages\/10568\/revisions"}],"predecessor-version":[{"id":10743,"href":"https:\/\/www.lesuroit.fr\/de\/wp-json\/wp\/v2\/pages\/10568\/revisions\/10743"}],"wp:attachment":[{"href":"https:\/\/www.lesuroit.fr\/de\/wp-json\/wp\/v2\/media?parent=10568"}],"curies":[{"name":"wp","href":"https:\/\/api.w.org\/{rel}","templated":true}]}}