{"id":10563,"date":"2025-09-18T18:52:23","date_gmt":"2025-09-18T16:52:23","guid":{"rendered":"https:\/\/www.lesuroit.fr\/der-campingplatz\/"},"modified":"2025-11-12T12:46:26","modified_gmt":"2025-11-12T11:46:26","slug":"der-campingplatz","status":"publish","type":"page","link":"https:\/\/www.lesuroit.fr\/de\/der-campingplatz\/","title":{"rendered":"Der Campingplatz Le Suroit hei\u00dft Sie in Bois-Plage-en-R\u00e9 willkommen."},"content":{"rendered":"","protected":false},"excerpt":{"rendered":"","protected":false},"author":1,"featured_media":0,"parent":0,"menu_order":0,"comment_status":"closed","ping_status":"open","template":"","meta":{"inline_featured_image":false,"footnotes":""},"class_list":["post-10563","page","type-page","status-publish","hentry"],"acf":[],"yoast_head":"<!-- This site is optimized with the Yoast SEO plugin v26.3 - https:\/\/yoast.com\/wordpress\/plugins\/seo\/ -->\n<title>4-Sterne-Campingplatz Insel R\u00e9 \u2013 Camping Le Bois Plage-en-R\u00e9 - Le suroit<\/title>\n<meta name=\"description\" content=\"Willkommen auf dem Campingplatz Le Suroit, gelegen auf der Insel R\u00e9 in Bois-Plage-en-R\u00e9. In Strandn\u00e4he k\u00f6nnen Sie den Pool und die Animationen genie\u00dfen.\" \/>\n<meta name=\"robots\" content=\"index, follow, max-snippet:-1, max-image-preview:large, max-video-preview:-1\" \/>\n<link rel=\"canonical\" href=\"https:\/\/www.lesuroit.fr\/de\/der-campingplatz\/\" \/>\n<meta property=\"og:locale\" content=\"de_DE\" \/>\n<meta property=\"og:type\" content=\"article\" \/>\n<meta property=\"og:title\" content=\"4-Sterne-Campingplatz Insel R\u00e9 \u2013 Camping Le Bois Plage-en-R\u00e9 - Le suroit\" \/>\n<meta property=\"og:description\" content=\"Willkommen auf dem Campingplatz Le Suroit, gelegen auf der Insel R\u00e9 in Bois-Plage-en-R\u00e9. In Strandn\u00e4he k\u00f6nnen Sie den Pool und die Animationen genie\u00dfen.\" \/>\n<meta property=\"og:url\" content=\"https:\/\/www.lesuroit.fr\/de\/der-campingplatz\/\" \/>\n<meta property=\"og:site_name\" content=\"Le suroit\" \/>\n<meta property=\"article:modified_time\" content=\"2025-11-12T11:46:26+00:00\" \/>\n<meta name=\"twitter:card\" content=\"summary_large_image\" \/>\n<script type=\"application\/ld+json\" class=\"yoast-schema-graph\">{\"@context\":\"https:\/\/schema.org\",\"@graph\":[{\"@type\":\"WebPage\",\"@id\":\"https:\/\/www.lesuroit.fr\/de\/der-campingplatz\/\",\"url\":\"https:\/\/www.lesuroit.fr\/de\/der-campingplatz\/\",\"name\":\"4-Sterne-Campingplatz Insel R\u00e9 \u2013 Camping Le Bois Plage-en-R\u00e9 - Le suroit\",\"isPartOf\":{\"@id\":\"https:\/\/www.lesuroit.fr\/de\/#website\"},\"datePublished\":\"2025-09-18T16:52:23+00:00\",\"dateModified\":\"2025-11-12T11:46:26+00:00\",\"description\":\"Willkommen auf dem Campingplatz Le Suroit, gelegen auf der Insel R\u00e9 in Bois-Plage-en-R\u00e9. In Strandn\u00e4he k\u00f6nnen Sie den Pool und die Animationen genie\u00dfen.\",\"breadcrumb\":{\"@id\":\"https:\/\/www.lesuroit.fr\/de\/der-campingplatz\/#breadcrumb\"},\"inLanguage\":\"de\",\"potentialAction\":[{\"@type\":\"ReadAction\",\"target\":[\"https:\/\/www.lesuroit.fr\/de\/der-campingplatz\/\"]}]},{\"@type\":\"WebSite\",\"@id\":\"https:\/\/www.lesuroit.fr\/de\/#website\",\"url\":\"https:\/\/www.lesuroit.fr\/de\/\",\"name\":\"Le suroit\",\"description\":\"Village de plein air\",\"potentialAction\":[{\"@type\":\"SearchAction\",\"target\":{\"@type\":\"EntryPoint\",\"urlTemplate\":\"https:\/\/www.lesuroit.fr\/de\/?s={search_term_string}\"},\"query-input\":{\"@type\":\"PropertyValueSpecification\",\"valueRequired\":true,\"valueName\":\"search_term_string\"}}],\"inLanguage\":\"de\"}]}<\/script>\n<!-- \/ Yoast SEO plugin. -->","yoast_head_json":{"title":"4-Sterne-Campingplatz Insel R\u00e9 \u2013 Camping Le Bois Plage-en-R\u00e9 - Le suroit","description":"Willkommen auf dem Campingplatz Le Suroit, gelegen auf der Insel R\u00e9 in Bois-Plage-en-R\u00e9. In Strandn\u00e4he k\u00f6nnen Sie den Pool und die Animationen genie\u00dfen.","robots":{"index":"index","follow":"follow","max-snippet":"max-snippet:-1","max-image-preview":"max-image-preview:large","max-video-preview":"max-video-preview:-1"},"canonical":"https:\/\/www.lesuroit.fr\/de\/der-campingplatz\/","og_locale":"de_DE","og_type":"article","og_title":"4-Sterne-Campingplatz Insel R\u00e9 \u2013 Camping Le Bois Plage-en-R\u00e9 - Le suroit","og_description":"Willkommen auf dem Campingplatz Le Suroit, gelegen auf der Insel R\u00e9 in Bois-Plage-en-R\u00e9. In Strandn\u00e4he k\u00f6nnen Sie den Pool und die Animationen genie\u00dfen.","og_url":"https:\/\/www.lesuroit.fr\/de\/der-campingplatz\/","og_site_name":"Le suroit","article_modified_time":"2025-11-12T11:46:26+00:00","twitter_card":"summary_large_image","schema":{"@context":"https:\/\/schema.org","@graph":[{"@type":"WebPage","@id":"https:\/\/www.lesuroit.fr\/de\/der-campingplatz\/","url":"https:\/\/www.lesuroit.fr\/de\/der-campingplatz\/","name":"4-Sterne-Campingplatz Insel R\u00e9 \u2013 Camping Le Bois Plage-en-R\u00e9 - Le suroit","isPartOf":{"@id":"https:\/\/www.lesuroit.fr\/de\/#website"},"datePublished":"2025-09-18T16:52:23+00:00","dateModified":"2025-11-12T11:46:26+00:00","description":"Willkommen auf dem Campingplatz Le Suroit, gelegen auf der Insel R\u00e9 in Bois-Plage-en-R\u00e9. In Strandn\u00e4he k\u00f6nnen Sie den Pool und die Animationen genie\u00dfen.","breadcrumb":{"@id":"https:\/\/www.lesuroit.fr\/de\/der-campingplatz\/#breadcrumb"},"inLanguage":"de","potentialAction":[{"@type":"ReadAction","target":["https:\/\/www.lesuroit.fr\/de\/der-campingplatz\/"]}]},{"@type":"WebSite","@id":"https:\/\/www.lesuroit.fr\/de\/#website","url":"https:\/\/www.lesuroit.fr\/de\/","name":"Le suroit","description":"Village de plein air","potentialAction":[{"@type":"SearchAction","target":{"@type":"EntryPoint","urlTemplate":"https:\/\/www.lesuroit.fr\/de\/?s={search_term_string}"},"query-input":{"@type":"PropertyValueSpecification","valueRequired":true,"valueName":"search_term_string"}}],"inLanguage":"de"}]}},"_links":{"self":[{"href":"https:\/\/www.lesuroit.fr\/de\/wp-json\/wp\/v2\/pages\/10563","targetHints":{"allow":["GET"]}}],"collection":[{"href":"https:\/\/www.lesuroit.fr\/de\/wp-json\/wp\/v2\/pages"}],"about":[{"href":"https:\/\/www.lesuroit.fr\/de\/wp-json\/wp\/v2\/types\/page"}],"author":[{"embeddable":true,"href":"https:\/\/www.lesuroit.fr\/de\/wp-json\/wp\/v2\/users\/1"}],"replies":[{"embeddable":true,"href":"https:\/\/www.lesuroit.fr\/de\/wp-json\/wp\/v2\/comments?post=10563"}],"version-history":[{"count":1,"href":"https:\/\/www.lesuroit.fr\/de\/wp-json\/wp\/v2\/pages\/10563\/revisions"}],"predecessor-version":[{"id":10668,"href":"https:\/\/www.lesuroit.fr\/de\/wp-json\/wp\/v2\/pages\/10563\/revisions\/10668"}],"wp:attachment":[{"href":"https:\/\/www.lesuroit.fr\/de\/wp-json\/wp\/v2\/media?parent=10563"}],"curies":[{"name":"wp","href":"https:\/\/api.w.org\/{rel}","templated":true}]}}