{"id":10545,"date":"2025-09-18T18:39:43","date_gmt":"2025-09-18T16:39:43","guid":{"rendered":"https:\/\/www.lesuroit.fr\/sitemap\/"},"modified":"2025-09-18T18:39:43","modified_gmt":"2025-09-18T16:39:43","slug":"sitemap","status":"publish","type":"page","link":"https:\/\/www.lesuroit.fr\/de\/sitemap\/","title":{"rendered":"Sitemap"},"content":{"rendered":"<div class=\"wsp-container\"><h2 class=\"wsp-pages-title\">Seiten<\/h2>\n<ul class=\"wsp-pages-list\">\n<li class=\"page_item page-item-10564\"><a href=\"https:\/\/www.lesuroit.fr\/de\/allgemeine-geschaeftsbedingungen\/\">Allgemeine Gesch\u00e4ftsbedingungen<\/a><\/li>\n<li class=\"page_item page-item-10613\"><a href=\"https:\/\/www.lesuroit.fr\/de\/besuchen-sie-die-maerkte-auf-der-ile-de-re\/\">Besuchen Sie die M\u00e4rkte auf der \u00cele de R\u00e9<\/a><\/li>\n<li class=\"page_item page-item-10544 current_page_parent\"><a href=\"https:\/\/www.lesuroit.fr\/de\/blog-und-neuigkeiten\/\">Blog und Neuigkeiten<\/a><\/li>\n<li class=\"page_item page-item-10537\"><a href=\"https:\/\/www.lesuroit.fr\/de\/datenschutzrichtlinie-2\/\">Datenschutzrichtlinie<\/a><\/li>\n<li class=\"page_item page-item-10563 page_item_has_children\"><a href=\"https:\/\/www.lesuroit.fr\/de\/der-campingplatz\/\">Der Campingplatz Le Suroit hei\u00dft Sie in Bois-Plage-en-R\u00e9 willkommen.<\/a>\n<ul class='children'>\n\t<li class=\"page_item page-item-10604\"><a href=\"https:\/\/www.lesuroit.fr\/de\/der-campingplatz\/animationsangebote-des-campingplatzes-fuer-ihre-entspannung\/\">Animationsangebote des Campingplatzes f\u00fcr Ihre Entspannung<\/a><\/li>\n\t<li class=\"page_item page-item-10600\"><a href=\"https:\/\/www.lesuroit.fr\/de\/der-campingplatz\/serviceangebote-auf-dem-campingplatz\/\">Serviceangebote auf dem Campingplatz<\/a><\/li>\n<\/ul>\n<\/li>\n<li class=\"page_item page-item-10530\"><a href=\"https:\/\/www.lesuroit.fr\/de\/die-badelandschaften-unseres-campingplatzes-in-le-bois-plage-en-re\/\">Die Badelandschaften unseres Campingplatzes in Le Bois-Plage-en-R\u00e9<\/a><\/li>\n<li class=\"page_item page-item-10612\"><a href=\"https:\/\/www.lesuroit.fr\/de\/die-maerkte-auf-der-ile-de-re-besuchen-ein-beispiel\/\">Die M\u00e4rkte auf der \u00cele de R\u00e9 besuchen Ein Beispiel<\/a><\/li>\n<li class=\"page_item page-item-10534\"><a href=\"https:\/\/www.lesuroit.fr\/de\/\">Dorf im Freien<\/a><\/li>\n<li class=\"page_item page-item-10566\"><a href=\"https:\/\/www.lesuroit.fr\/de\/entdeckt-die-doerfer-auf-der-ile-de-re\/\">Entdecken Sie die D\u00f6rfer der \u00cele de R\u00e9<\/a><\/li>\n<li class=\"page_item page-item-10567\"><a href=\"https:\/\/www.lesuroit.fr\/de\/faq\/\">FAQ<\/a><\/li>\n<li class=\"page_item page-item-10568\"><a href=\"https:\/\/www.lesuroit.fr\/de\/fuer-einen-unvergesslichen-aufenthalt-auf-der-ile-de-re\/\">F\u00fcr einen unvergesslichen Aufenthalt auf der \u00cele de R\u00e9<\/a><\/li>\n<li class=\"page_item page-item-10565\"><a href=\"https:\/\/www.lesuroit.fr\/de\/kontakt\/\">Kontakt<\/a><\/li>\n<li class=\"page_item page-item-10546\"><a href=\"https:\/\/www.lesuroit.fr\/de\/preise-und-buchungen\/\">Preise und Buchungen<\/a><\/li>\n<li class=\"page_item page-item-10528\"><a href=\"https:\/\/www.lesuroit.fr\/de\/datenschutzrichtlinie\/\">Rechtliche Hinweise<\/a><\/li>\n<li class=\"page_item page-item-10545\"><a href=\"https:\/\/www.lesuroit.fr\/de\/sitemap\/\">Sitemap<\/a><\/li>\n<li class=\"page_item page-item-10543\"><a href=\"https:\/\/www.lesuroit.fr\/de\/wichtige-sehenswuerdigkeiten\/\">Wichtige Sehensw\u00fcrdigkeiten<\/a><\/li>\n<\/ul>\n<\/div>\n<div class=\"wsp-container\"><h2 class=\"wsp-posts-title\">Beitr\u00e4ge nach Kategorie<\/h2>\n<ul class=\"wsp-posts-list\">\n\t<li><strong class=\"wsp-category-title\">Kategorie: <a href=\"https:\/\/www.lesuroit.fr\/de\/blog\/category\/chalet\/\">Chalet<\/a><\/strong>\n<\/li>\n\t<li><strong class=\"wsp-category-title\">Kategorie: <a href=\"https:\/\/www.lesuroit.fr\/de\/blog\/category\/mobilheim\/\">Mobilheim<\/a><\/strong>\n<\/li>\n\t<li><strong class=\"wsp-category-title\">Kategorie: <a href=\"https:\/\/www.lesuroit.fr\/de\/blog\/category\/unkategorisiert\/\">Unkategorisiert<\/a><\/strong>\n<ul class=\"wsp-posts-list\">\t\t<li class=\"wsp-post\"><a href=\"https:\/\/www.lesuroit.fr\/de\/blog\/top-5-wassersportaktivitaeten-auf-der-ile-de-re\/\">Top 5 Wassersportaktivit\u00e4ten auf der \u00cele de R\u00e9<\/a><\/li>\n\t\t<li class=\"wsp-post\"><a href=\"https:\/\/www.lesuroit.fr\/de\/blog\/wie-ihr-einen-campingplatz-findet-der-euren-beduerfnissen-entspricht\/\">Wie ihr einen Campingplatz findet, der euren Bed\u00fcrfnissen entspricht<\/a><\/li>\n\t\t<li class=\"wsp-post\"><a href=\"https:\/\/www.lesuroit.fr\/de\/blog\/die-top-5-der-trendspots-auf-ile-de-re\/\">Die Top 5 der Trendspots auf  \u00cele de R\u00e9<\/a><\/li>\n\t\t<li class=\"wsp-post\"><a href=\"https:\/\/www.lesuroit.fr\/de\/blog\/kriterien-die-ihr-bei-der-wahl-eines-campingplatzes-beruecksichtigen-solltet\/\">Kriterien, die ihr bei der Wahl eines Campingplatzes ber\u00fccksichtigen solltet<\/a><\/li>\n\t\t<li class=\"wsp-post\"><a href=\"https:\/\/www.lesuroit.fr\/de\/blog\/die-wichtigsten-dinge-die-ihr-fuer-einen-campingurlaub-benoetigt\/\">Die wichtigsten Dinge, die ihr f\u00fcr einen Campingurlaub ben\u00f6tigt<\/a><\/li>\n\t\t<li class=\"wsp-post\"><a href=\"https:\/\/www.lesuroit.fr\/de\/blog\/campingplatzbesuche-zu-jeder-jahreszeit\/\">Campingplatzbesuche zu jeder Jahreszeit<\/a><\/li>\n\t\t<li class=\"wsp-post\"><a href=\"https:\/\/www.lesuroit.fr\/de\/blog\/feriendorf-slow-tourism-camping-uebersicht-ueber-die-verschiedenen-campingformen\/\">Feriendorf, Slow Tourism, Camping: \u00dcbersicht \u00fcber die verschiedenen Campingformen<\/a><\/li>\n\t\t<li class=\"wsp-post\"><a href=\"https:\/\/www.lesuroit.fr\/de\/blog\/naturaktivitaeten-auf-der-ile-de-re\/\">Naturaktivit\u00e4ten auf der \u00cele de R\u00e9<\/a><\/li>\n\t\t<li class=\"wsp-post\"><a href=\"https:\/\/www.lesuroit.fr\/de\/blog\/einen-campingplatz-in-meeresnaehe-fuer-einen-erholsamen-urlaub-auswaehlen\/\">Einen Campingplatz in Meeresn\u00e4he f\u00fcr einen erholsamen Urlaub ausw\u00e4hlen<\/a><\/li>\n\t\t<li class=\"wsp-post\"><a href=\"https:\/\/www.lesuroit.fr\/de\/blog\/die-vorteile-eines-4-sterne-campingplatzes\/\">Die Vorteile eines 4-Sterne-Campingplatzes<\/a><\/li>\n\t\t<li class=\"wsp-post\"><a href=\"https:\/\/www.lesuroit.fr\/de\/blog\/entdecken-sie-die-charente-maritime\/\">Entdecken Sie die Charente Maritime<\/a><\/li>\n\t\t<li class=\"wsp-post\"><a href=\"https:\/\/www.lesuroit.fr\/de\/blog\/top-5-fahrradtouren-auf-der-ile-de-re\/\">Top 5 Fahrradtouren auf der \u00cele de R\u00e9<\/a><\/li>\n\t\t<li class=\"wsp-post\"><a href=\"https:\/\/www.lesuroit.fr\/de\/blog\/entdeckt-die-einheimischen-produkte-der-ile-de-re\/\">Entdeckt die einheimischen Produkte der \u00cele de R\u00e9<\/a><\/li>\n\t\t<li class=\"wsp-post\"><a href=\"https:\/\/www.lesuroit.fr\/de\/blog\/top-5-der-straende-auf-der-ile-de-re\/\">Top 5 der Str\u00e4nde auf der \u00cele de R\u00e9<\/a><\/li>\n\t\t<li class=\"wsp-post\"><a href=\"https:\/\/www.lesuroit.fr\/de\/blog\/unbeschwerter-urlaub-mit-hund-auf-dem-campingplatz\/\">Unbeschwerter Urlaub mit Hund auf dem Campingplatz<\/a><\/li>\n\t\t<li class=\"wsp-post\"><a href=\"https:\/\/www.lesuroit.fr\/de\/blog\/wie-findet-man-die-passende-campingunterkunft\/\">Wie findet man die passende Campingunterkunft?<\/a><\/li>\n<\/ul><\/li>\n<\/ul>\n<\/div>\n<div class=\"wsp-container\"><h2 class=\"wsp-accommodationss-title\">Unterk\u00fcnfte<\/h2>\n<ul class=\"wsp-accommodationss-list\">\n<li><a href=\"https:\/\/www.lesuroit.fr\/de\/les-hebergements\/archipel-freunde-aufgepasst-12-personen-6-schlafzimmer-2-ilots-mobilheime-mit-gemeinsamer-uberdachter-terrasse\/\">ARCHIPEL: Freunde aufgepasst! 12 Personen, 6 Schlafzimmer (2 \u00celots-Mobilheime mit gemeinsamer \u00fcberdachter Terrasse)<\/a><\/li>\n<li><a href=\"https:\/\/www.lesuroit.fr\/de\/les-hebergements\/die-villa-rosea-mit-eigenem-whirlpool-4-schlafzimmer-70-m2-2-badezimmer\/\">Die Villa Ros\u00e9a mit privater Whirlpool : 4 Schlafzimmer, 70 m2, 2 Badezimmer<\/a><\/li>\n<li><a href=\"https:\/\/www.lesuroit.fr\/de\/les-hebergements\/archipel-6-personen-3-schlafzimmer-mit-klimaanlage-2-gegenueberliegende-mobilheime-mit-gemeinsamer-ueberdachter-terrasse\/\">ARCHIPEL: 6 Personen, 3 Schlafzimmer mit Klimaanlage (2 gegen\u00fcberliegende Mobilheime mit gemeinsamer \u00fcberdachter Terrasse)<\/a><\/li>\n<li><a href=\"https:\/\/www.lesuroit.fr\/de\/les-hebergements\/klimatisiert-mobilheim-6-personen-3-schlafzimmer-klimaanlage-geschirrspuelmaschine-ueberdachte-terrasse\/\">KLIMATISIERT: Mobilheim, 6 Personen, 3 Schlafzimmer, Klimaanlage, Geschirrsp\u00fclmaschine, \u00fcberdachte Terrasse<\/a><\/li>\n<li><a href=\"https:\/\/www.lesuroit.fr\/de\/les-hebergements\/klimatisiert-mobilheim-4-personen-2-schlafzimmer-klimaanlage-geschirrspueler-ueberdachte-terrasse\/\">KLIMATISIERT: Mobilheim, 4 Personen, 2 Schlafzimmer, Klimaanlage, Geschirrsp\u00fcler, \u00fcberdachte Terrasse<\/a><\/li>\n<li><a href=\"https:\/\/www.lesuroit.fr\/de\/les-hebergements\/archipel-8-personen-4-schlafzimmer-2-separate-mobilheime-mit-gemeinsamer-ueberdachter-terrasse\/\">ARCHIPEL: 8 Personen, 4 Schlafzimmer (2 separate Mobilheime mit gemeinsamer \u00fcberdachter Terrasse)<\/a><\/li>\n<li><a href=\"https:\/\/www.lesuroit.fr\/de\/les-hebergements\/villa-rhea-mit-eigenem-whirlpool-4-schlafzimmer-70-m2-2-badezimmer\/\">Villa Rhea mit eigenem Whirlpool: 4 Schlafzimmer, 70 m2, 2 Badezimmer<\/a><\/li>\n<li><a href=\"https:\/\/www.lesuroit.fr\/de\/les-hebergements\/klimatisiert-mobilheim-2-personen-1-schlafzimmer-klimaanlage-geschirrspuelmaschine-ueberdachte-terrasse\/\">KLIMATISIERT: Mobilheim, 2 Personen, 1 Schlafzimmer, Klimaanlage, Geschirrsp\u00fclmaschine, \u00fcberdachte Terrasse<\/a><\/li>\n<li><a href=\"https:\/\/www.lesuroit.fr\/de\/les-hebergements\/komfort-mobilheim-6-personen-3-schlafzimmer-ueberdachte-terrasse\/\">KOMFORT: Mobilheim, 6 Personen, 3 Schlafzimmer, \u00dcberdachte Terrasse<\/a><\/li>\n<li><a href=\"https:\/\/www.lesuroit.fr\/de\/les-hebergements\/ile-de-re-huette-ile-de-re-6-personen-3-schlafzimmer\/\">\u00cele de R\u00e9: H\u00fctte \u00cele de R\u00e9 6 Personen, 3 Schlafzimmer<\/a><\/li>\n<li><a href=\"https:\/\/www.lesuroit.fr\/de\/les-hebergements\/premium-mobilheim-tv-6-personen-3-schlafzimmer-2-badezimmer-neu\/\">PREMIUM: Mobilheim, TV, 6 Personen, 3 Schlafzimmer, 2 Badezimmer, Neu<\/a><\/li>\n<li><a href=\"https:\/\/www.lesuroit.fr\/de\/les-hebergements\/premium-mobilheim-mit-tv-6-personen-3-schlafzimmer-2-badezimmer-whirlpool-neu\/\">PREMIUM: Mobilheim mit TV, 6 Personen, 3 Schlafzimmer, 2 Badezimmer, privater Whirlpool, Klimaanlage, neu (max. 2 Jahre alt)<\/a><\/li>\n<li><a href=\"https:\/\/www.lesuroit.fr\/de\/les-hebergements\/grand-confort-mobilheim-fuer-2-personen-1-schlafzimmer-ueberdachte-holzterrasse\/\">KOMFORT PLUS + : Mobilheim, 2 Personen, 1 Schlafzimmer, \u00fcberdachte Holzterrasse<\/a><\/li>\n<li><a href=\"https:\/\/www.lesuroit.fr\/de\/les-hebergements\/leerer-stellplatz-fuer-wohnwagen\/\">Leerer Stellplatz f\u00fcr Wohnwagen<\/a><\/li>\n<li><a href=\"https:\/\/www.lesuroit.fr\/de\/les-hebergements\/grand-confort-mobilheim-6-personen-3-schlafzimmer-ueberdachte-terrasse\/\">KOMFORT PLUS +: Mobilheim, 6 Personen, 3 Schlafzimmer, \u00dcberdachte Terrasse<\/a><\/li>\n<li><a href=\"https:\/\/www.lesuroit.fr\/de\/les-hebergements\/mobilheim-barrierefrei-fuer-personen-mit-eingeschraenkter-mobilitaet-6-pers-2-sz-tv-ueberdachte-terrasse\/\">Mobilheim \u201eBarrierefrei\u201c 4\/6 Pers., 2 Schlafzimmer, TV, \u00fcberdachte Terrasse<\/a><\/li>\n<li><a href=\"https:\/\/www.lesuroit.fr\/de\/les-hebergements\/grand-confort-mobilheim-4-6-personen-2-schlafzimmer-ueberdachte-terrasse\/\">KOMFORT PLUS +: Mobilheim, 4 Personen, 2 Schlafzimmer, \u00dcberdachte Terrasse<\/a><\/li>\n<li><a href=\"https:\/\/www.lesuroit.fr\/de\/les-hebergements\/grand-confort-mobilheim-5-personen-2-schlafzimmer-ueberdachte-terrasse\/\">KOMFORT PLUS + : Mobilheim, 4\/5 Personen, 2 Schlafzimmer, \u00dcberdachte Terrasse<\/a><\/li>\n<li><a href=\"https:\/\/www.lesuroit.fr\/de\/les-hebergements\/komfort-mobilheim-4-6-personen-2-schlafzimmer\/\">KOMFORT : Mobilheim, 4\u20136 Personen, 2 Schlafzimmer<\/a><\/li>\n<li><a href=\"https:\/\/www.lesuroit.fr\/de\/les-hebergements\/privilege-mobilheim-tv-5-personen-2-schlafzimmer-ueberdachte-terrasse\/\">Nachbarschaft : Mobilheim TV, 5 Personen, 2 Schlafzimmer, \u00fcberdachte Terrasse<\/a><\/li>\n<li><a href=\"https:\/\/www.lesuroit.fr\/de\/les-hebergements\/privilege-mobilheim-tv-4-personen-2-schlafzimmer-ueberdachte-terrasse-bis-zu-2-zusaetzliche-personen-gegen-aufpreis-moeglich\/\">Nachbarschaft : Mobilheim TV, 4 Personen, 2 Schlafzimmer, \u00fcberdachte Terrasse (bis zu 2 zus\u00e4tzliche Personen gegen Aufpreis m\u00f6glich)<\/a><\/li>\n<li><a href=\"https:\/\/www.lesuroit.fr\/de\/les-hebergements\/privilege-chalet-tv-4-personen-2-schlafzimmer-ueberdachte-terrasse\/\">Nachbarschaft : Chalet TV, 4 Personen, 2 Schlafzimmer, \u00fcberdachte Terrasse<\/a><\/li>\n<li><a href=\"https:\/\/www.lesuroit.fr\/de\/les-hebergements\/premium-mobilheim-tv-5-personen-2-schlafzimmer-2-badezimmer-unter-3-jahren-ueberdachte-terrasse\/\">PREMIUM: Mobilheim TV, 5 Personen, 2 Schlafzimmer (2 Badezimmer), - unter 3 Jahren , \u00fcberdachte Terrasse<\/a><\/li>\n<li><a href=\"https:\/\/www.lesuroit.fr\/de\/les-hebergements\/leerer-stellplatz\/\">Leerer Stellplatz<\/a><\/li>\n<li><a href=\"https:\/\/www.lesuroit.fr\/de\/les-hebergements\/privilege-mobilheim-tv-6-personen-3-schlafzimmer-ueberdachte-terrasse\/\">Nachbarschaft : Mobilheim TV, 6 Personen, 3 Schlafzimmer, \u00fcberdachte Terrasse<\/a><\/li>\n<li><a href=\"https:\/\/www.lesuroit.fr\/de\/les-hebergements\/archipel-14-personen-7-schlafzimmer-privater-jacuzzi-und-klimaanlage-2-mobilheime-ilots-mit-gemeinsamer-ueberdachter-terrasse\/\">ARCHIPEL: 14 Personen, 7 Schlafzimmer, privater Whirlpool und Klimaanlage (2 Mobilheime \u00celots mit gemeinsamer \u00fcberdachter Terrasse)<\/a><\/li>\n<li><a href=\"https:\/\/www.lesuroit.fr\/de\/les-hebergements\/privilege-chalet-tv-6-personen-3-schlafzimmer-ueberdachte-terrasse\/\">Nachbarschaft : Chalet TV, 6 Personen, 3 Schlafzimmer, \u00dcberdachte Terrasse<\/a><\/li>\n<\/ul>\n<\/div>\n","protected":false},"excerpt":{"rendered":"","protected":false},"author":1,"featured_media":0,"parent":0,"menu_order":0,"comment_status":"closed","ping_status":"closed","template":"","meta":{"inline_featured_image":false,"footnotes":""},"class_list":["post-10545","page","type-page","status-publish","hentry"],"acf":[],"yoast_head":"<!-- This site is optimized with the Yoast SEO plugin v26.3 - https:\/\/yoast.com\/wordpress\/plugins\/seo\/ -->\n<title>Sitemap - Le suroit<\/title>\n<meta name=\"robots\" content=\"noindex, nofollow\" \/>\n<meta property=\"og:locale\" content=\"de_DE\" \/>\n<meta property=\"og:type\" content=\"article\" \/>\n<meta property=\"og:title\" content=\"Sitemap - Le suroit\" \/>\n<meta property=\"og:url\" content=\"https:\/\/www.lesuroit.fr\/de\/sitemap\/\" \/>\n<meta property=\"og:site_name\" content=\"Le suroit\" \/>\n<meta name=\"twitter:card\" content=\"summary_large_image\" \/>\n<script type=\"application\/ld+json\" class=\"yoast-schema-graph\">{\"@context\":\"https:\/\/schema.org\",\"@graph\":[{\"@type\":\"WebPage\",\"@id\":\"https:\/\/www.lesuroit.fr\/de\/sitemap\/\",\"url\":\"https:\/\/www.lesuroit.fr\/de\/sitemap\/\",\"name\":\"Sitemap - Le suroit\",\"isPartOf\":{\"@id\":\"https:\/\/www.lesuroit.fr\/de\/#website\"},\"datePublished\":\"2025-09-18T16:39:43+00:00\",\"breadcrumb\":{\"@id\":\"https:\/\/www.lesuroit.fr\/de\/sitemap\/#breadcrumb\"},\"inLanguage\":\"de\",\"potentialAction\":[{\"@type\":\"ReadAction\",\"target\":[\"https:\/\/www.lesuroit.fr\/de\/sitemap\/\"]}]},{\"@type\":\"WebSite\",\"@id\":\"https:\/\/www.lesuroit.fr\/de\/#website\",\"url\":\"https:\/\/www.lesuroit.fr\/de\/\",\"name\":\"Le suroit\",\"description\":\"Village de plein air\",\"potentialAction\":[{\"@type\":\"SearchAction\",\"target\":{\"@type\":\"EntryPoint\",\"urlTemplate\":\"https:\/\/www.lesuroit.fr\/de\/?s={search_term_string}\"},\"query-input\":{\"@type\":\"PropertyValueSpecification\",\"valueRequired\":true,\"valueName\":\"search_term_string\"}}],\"inLanguage\":\"de\"}]}<\/script>\n<!-- \/ Yoast SEO plugin. -->","yoast_head_json":{"title":"Sitemap - Le suroit","robots":{"index":"noindex","follow":"nofollow"},"og_locale":"de_DE","og_type":"article","og_title":"Sitemap - Le suroit","og_url":"https:\/\/www.lesuroit.fr\/de\/sitemap\/","og_site_name":"Le suroit","twitter_card":"summary_large_image","schema":{"@context":"https:\/\/schema.org","@graph":[{"@type":"WebPage","@id":"https:\/\/www.lesuroit.fr\/de\/sitemap\/","url":"https:\/\/www.lesuroit.fr\/de\/sitemap\/","name":"Sitemap - Le suroit","isPartOf":{"@id":"https:\/\/www.lesuroit.fr\/de\/#website"},"datePublished":"2025-09-18T16:39:43+00:00","breadcrumb":{"@id":"https:\/\/www.lesuroit.fr\/de\/sitemap\/#breadcrumb"},"inLanguage":"de","potentialAction":[{"@type":"ReadAction","target":["https:\/\/www.lesuroit.fr\/de\/sitemap\/"]}]},{"@type":"WebSite","@id":"https:\/\/www.lesuroit.fr\/de\/#website","url":"https:\/\/www.lesuroit.fr\/de\/","name":"Le suroit","description":"Village de plein air","potentialAction":[{"@type":"SearchAction","target":{"@type":"EntryPoint","urlTemplate":"https:\/\/www.lesuroit.fr\/de\/?s={search_term_string}"},"query-input":{"@type":"PropertyValueSpecification","valueRequired":true,"valueName":"search_term_string"}}],"inLanguage":"de"}]}},"_links":{"self":[{"href":"https:\/\/www.lesuroit.fr\/de\/wp-json\/wp\/v2\/pages\/10545","targetHints":{"allow":["GET"]}}],"collection":[{"href":"https:\/\/www.lesuroit.fr\/de\/wp-json\/wp\/v2\/pages"}],"about":[{"href":"https:\/\/www.lesuroit.fr\/de\/wp-json\/wp\/v2\/types\/page"}],"author":[{"embeddable":true,"href":"https:\/\/www.lesuroit.fr\/de\/wp-json\/wp\/v2\/users\/1"}],"replies":[{"embeddable":true,"href":"https:\/\/www.lesuroit.fr\/de\/wp-json\/wp\/v2\/comments?post=10545"}],"version-history":[{"count":0,"href":"https:\/\/www.lesuroit.fr\/de\/wp-json\/wp\/v2\/pages\/10545\/revisions"}],"wp:attachment":[{"href":"https:\/\/www.lesuroit.fr\/de\/wp-json\/wp\/v2\/media?parent=10545"}],"curies":[{"name":"wp","href":"https:\/\/api.w.org\/{rel}","templated":true}]}}