{"id":10534,"date":"2025-09-18T17:47:46","date_gmt":"2025-09-18T15:47:46","guid":{"rendered":"https:\/\/www.lesuroit.fr\/feriendorf\/"},"modified":"2025-09-18T18:13:21","modified_gmt":"2025-09-18T16:13:21","slug":"feriendorf","status":"publish","type":"page","link":"https:\/\/www.lesuroit.fr\/de\/","title":{"rendered":"Dorf im Freien"},"content":{"rendered":"","protected":false},"excerpt":{"rendered":"","protected":false},"author":1,"featured_media":9866,"parent":0,"menu_order":0,"comment_status":"closed","ping_status":"closed","template":"","meta":{"inline_featured_image":false,"footnotes":""},"class_list":["post-10534","page","type-page","status-publish","has-post-thumbnail","hentry"],"acf":[],"yoast_head":"<!-- This site is optimized with the Yoast SEO plugin v26.3 - https:\/\/yoast.com\/wordpress\/plugins\/seo\/ -->\n<title>Naturcamping Le Bois-Plage-en-R\u00e9 - Le suroit<\/title>\n<meta name=\"description\" content=\"Entdecken Sie den Campingplatz Le Suroit, einen Naturcampingplatz in Strandn\u00e4he. Genie\u00dfen Sie unsere komfortablen Mobilheime und Chalets und unseren Swimmingpool.\" \/>\n<meta name=\"robots\" content=\"index, follow, max-snippet:-1, max-image-preview:large, max-video-preview:-1\" \/>\n<link rel=\"canonical\" href=\"https:\/\/www.lesuroit.fr\/de\/\" \/>\n<meta property=\"og:locale\" content=\"de_DE\" \/>\n<meta property=\"og:type\" content=\"article\" \/>\n<meta property=\"og:title\" content=\"Naturcamping Le Bois-Plage-en-R\u00e9 - Le suroit\" \/>\n<meta property=\"og:description\" content=\"Entdecken Sie den Campingplatz Le Suroit, einen Naturcampingplatz in Strandn\u00e4he. Genie\u00dfen Sie unsere komfortablen Mobilheime und Chalets und unseren Swimmingpool.\" \/>\n<meta property=\"og:url\" content=\"https:\/\/www.lesuroit.fr\/de\/\" \/>\n<meta property=\"og:site_name\" content=\"Le suroit\" \/>\n<meta property=\"article:modified_time\" content=\"2025-09-18T16:13:21+00:00\" \/>\n<meta property=\"og:image\" content=\"https:\/\/www.lesuroit.fr\/wp-content\/uploads\/2022\/01\/Capture-de\u0301cran-2022-01-31-a\u0300-09.46.52.png\" \/>\n\t<meta property=\"og:image:width\" content=\"1475\" \/>\n\t<meta property=\"og:image:height\" content=\"918\" \/>\n\t<meta property=\"og:image:type\" content=\"image\/png\" \/>\n<meta name=\"twitter:card\" content=\"summary_large_image\" \/>\n<script type=\"application\/ld+json\" class=\"yoast-schema-graph\">{\"@context\":\"https:\/\/schema.org\",\"@graph\":[{\"@type\":\"WebPage\",\"@id\":\"https:\/\/www.lesuroit.fr\/de\/\",\"url\":\"https:\/\/www.lesuroit.fr\/de\/\",\"name\":\"Naturcamping Le Bois-Plage-en-R\u00e9 - Le suroit\",\"isPartOf\":{\"@id\":\"https:\/\/www.lesuroit.fr\/de\/#website\"},\"primaryImageOfPage\":{\"@id\":\"https:\/\/www.lesuroit.fr\/de\/#primaryimage\"},\"image\":{\"@id\":\"https:\/\/www.lesuroit.fr\/de\/#primaryimage\"},\"thumbnailUrl\":\"https:\/\/www.lesuroit.fr\/wp-content\/uploads\/2022\/01\/Capture-de\u0301cran-2022-01-31-a\u0300-09.46.52.png\",\"datePublished\":\"2025-09-18T15:47:46+00:00\",\"dateModified\":\"2025-09-18T16:13:21+00:00\",\"description\":\"Entdecken Sie den Campingplatz Le Suroit, einen Naturcampingplatz in Strandn\u00e4he. Genie\u00dfen Sie unsere komfortablen Mobilheime und Chalets und unseren Swimmingpool.\",\"breadcrumb\":{\"@id\":\"https:\/\/www.lesuroit.fr\/de\/#breadcrumb\"},\"inLanguage\":\"de\",\"potentialAction\":[{\"@type\":\"ReadAction\",\"target\":[\"https:\/\/www.lesuroit.fr\/de\/\"]}]},{\"@type\":\"ImageObject\",\"inLanguage\":\"de\",\"@id\":\"https:\/\/www.lesuroit.fr\/de\/#primaryimage\",\"url\":\"https:\/\/www.lesuroit.fr\/wp-content\/uploads\/2022\/01\/Capture-de\u0301cran-2022-01-31-a\u0300-09.46.52.png\",\"contentUrl\":\"https:\/\/www.lesuroit.fr\/wp-content\/uploads\/2022\/01\/Capture-de\u0301cran-2022-01-31-a\u0300-09.46.52.png\",\"width\":1475,\"height\":918},{\"@type\":\"WebSite\",\"@id\":\"https:\/\/www.lesuroit.fr\/de\/#website\",\"url\":\"https:\/\/www.lesuroit.fr\/de\/\",\"name\":\"Le suroit\",\"description\":\"Village de plein air\",\"potentialAction\":[{\"@type\":\"SearchAction\",\"target\":{\"@type\":\"EntryPoint\",\"urlTemplate\":\"https:\/\/www.lesuroit.fr\/de\/?s={search_term_string}\"},\"query-input\":{\"@type\":\"PropertyValueSpecification\",\"valueRequired\":true,\"valueName\":\"search_term_string\"}}],\"inLanguage\":\"de\"}]}<\/script>\n<!-- \/ Yoast SEO plugin. -->","yoast_head_json":{"title":"Naturcamping Le Bois-Plage-en-R\u00e9 - Le suroit","description":"Entdecken Sie den Campingplatz Le Suroit, einen Naturcampingplatz in Strandn\u00e4he. Genie\u00dfen Sie unsere komfortablen Mobilheime und Chalets und unseren Swimmingpool.","robots":{"index":"index","follow":"follow","max-snippet":"max-snippet:-1","max-image-preview":"max-image-preview:large","max-video-preview":"max-video-preview:-1"},"canonical":"https:\/\/www.lesuroit.fr\/de\/","og_locale":"de_DE","og_type":"article","og_title":"Naturcamping Le Bois-Plage-en-R\u00e9 - Le suroit","og_description":"Entdecken Sie den Campingplatz Le Suroit, einen Naturcampingplatz in Strandn\u00e4he. Genie\u00dfen Sie unsere komfortablen Mobilheime und Chalets und unseren Swimmingpool.","og_url":"https:\/\/www.lesuroit.fr\/de\/","og_site_name":"Le suroit","article_modified_time":"2025-09-18T16:13:21+00:00","og_image":[{"width":1475,"height":918,"url":"https:\/\/www.lesuroit.fr\/wp-content\/uploads\/2022\/01\/Capture-de\u0301cran-2022-01-31-a\u0300-09.46.52.png","type":"image\/png"}],"twitter_card":"summary_large_image","schema":{"@context":"https:\/\/schema.org","@graph":[{"@type":"WebPage","@id":"https:\/\/www.lesuroit.fr\/de\/","url":"https:\/\/www.lesuroit.fr\/de\/","name":"Naturcamping Le Bois-Plage-en-R\u00e9 - Le suroit","isPartOf":{"@id":"https:\/\/www.lesuroit.fr\/de\/#website"},"primaryImageOfPage":{"@id":"https:\/\/www.lesuroit.fr\/de\/#primaryimage"},"image":{"@id":"https:\/\/www.lesuroit.fr\/de\/#primaryimage"},"thumbnailUrl":"https:\/\/www.lesuroit.fr\/wp-content\/uploads\/2022\/01\/Capture-de\u0301cran-2022-01-31-a\u0300-09.46.52.png","datePublished":"2025-09-18T15:47:46+00:00","dateModified":"2025-09-18T16:13:21+00:00","description":"Entdecken Sie den Campingplatz Le Suroit, einen Naturcampingplatz in Strandn\u00e4he. Genie\u00dfen Sie unsere komfortablen Mobilheime und Chalets und unseren Swimmingpool.","breadcrumb":{"@id":"https:\/\/www.lesuroit.fr\/de\/#breadcrumb"},"inLanguage":"de","potentialAction":[{"@type":"ReadAction","target":["https:\/\/www.lesuroit.fr\/de\/"]}]},{"@type":"ImageObject","inLanguage":"de","@id":"https:\/\/www.lesuroit.fr\/de\/#primaryimage","url":"https:\/\/www.lesuroit.fr\/wp-content\/uploads\/2022\/01\/Capture-de\u0301cran-2022-01-31-a\u0300-09.46.52.png","contentUrl":"https:\/\/www.lesuroit.fr\/wp-content\/uploads\/2022\/01\/Capture-de\u0301cran-2022-01-31-a\u0300-09.46.52.png","width":1475,"height":918},{"@type":"WebSite","@id":"https:\/\/www.lesuroit.fr\/de\/#website","url":"https:\/\/www.lesuroit.fr\/de\/","name":"Le suroit","description":"Village de plein air","potentialAction":[{"@type":"SearchAction","target":{"@type":"EntryPoint","urlTemplate":"https:\/\/www.lesuroit.fr\/de\/?s={search_term_string}"},"query-input":{"@type":"PropertyValueSpecification","valueRequired":true,"valueName":"search_term_string"}}],"inLanguage":"de"}]}},"_links":{"self":[{"href":"https:\/\/www.lesuroit.fr\/de\/wp-json\/wp\/v2\/pages\/10534","targetHints":{"allow":["GET"]}}],"collection":[{"href":"https:\/\/www.lesuroit.fr\/de\/wp-json\/wp\/v2\/pages"}],"about":[{"href":"https:\/\/www.lesuroit.fr\/de\/wp-json\/wp\/v2\/types\/page"}],"author":[{"embeddable":true,"href":"https:\/\/www.lesuroit.fr\/de\/wp-json\/wp\/v2\/users\/1"}],"replies":[{"embeddable":true,"href":"https:\/\/www.lesuroit.fr\/de\/wp-json\/wp\/v2\/comments?post=10534"}],"version-history":[{"count":1,"href":"https:\/\/www.lesuroit.fr\/de\/wp-json\/wp\/v2\/pages\/10534\/revisions"}],"predecessor-version":[{"id":10535,"href":"https:\/\/www.lesuroit.fr\/de\/wp-json\/wp\/v2\/pages\/10534\/revisions\/10535"}],"wp:featuredmedia":[{"embeddable":true,"href":"https:\/\/www.lesuroit.fr\/de\/wp-json\/wp\/v2\/media\/9866"}],"wp:attachment":[{"href":"https:\/\/www.lesuroit.fr\/de\/wp-json\/wp\/v2\/media?parent=10534"}],"curies":[{"name":"wp","href":"https:\/\/api.w.org\/{rel}","templated":true}]}}